{"id":43646,"date":"2025-11-28T06:56:43","date_gmt":"2025-11-28T05:56:43","guid":{"rendered":"https:\/\/hippokrates.sk\/about-us-2\/our-team\/mudr-ester-tocikova-mba\/"},"modified":"2026-01-30T17:16:56","modified_gmt":"2026-01-30T16:16:56","slug":"mudr-ester-tocikova-mba","status":"publish","type":"page","link":"https:\/\/hippokrates.sk\/en\/about-us-2\/our-team\/mudr-ester-tocikova-mba\/","title":{"rendered":"MUDr. Ester To\u010d\u00edkov\u00e1, MBA"},"content":{"rendered":"\t\t<div data-elementor-type=\"wp-page\" data-elementor-id=\"43646\" class=\"elementor elementor-43646 elementor-7186\" data-elementor-post-type=\"page\">\n\t\t\t\t<div class=\"elementor-element elementor-element-516e710 e-flex e-con-boxed sc_layouts_column_icons_position_left e-con e-parent\" data-id=\"516e710\" data-element_type=\"container\" data-e-type=\"container\">\n\t\t\t\t\t<div class=\"e-con-inner\">\n\t\t\t\t<div class=\"elementor-element elementor-element-ad3d1a4 sc_fly_static elementor-widget elementor-widget-trx_elm_post_breadcrumbs\" data-id=\"ad3d1a4\" data-element_type=\"widget\" data-e-type=\"widget\" data-widget_type=\"trx_elm_post_breadcrumbs.default\">\n\t\t\t\t<div class=\"elementor-widget-container\">\n\t\t\t\t\t<div class=\"trx-addons-post-breadcrumbs\"><div class=\"breadcrumbs\"><a class=\"breadcrumbs_item home\" href=\"https:\/\/hippokrates.sk\/en\/\">Home<\/a><span class=\"breadcrumbs_delimiter\"><\/span><span class=\"breadcrumbs_item current\">MUDr. Ester To\u010d\u00edkov\u00e1, MBA<\/span><\/div><\/div>\t\t\t\t<\/div>\n\t\t\t\t<\/div>\n\t\t\t\t\t<\/div>\n\t\t\t\t<\/div>\n\t\t<div class=\"elementor-element elementor-element-dc57661 e-flex e-con-boxed sc_layouts_column_icons_position_left e-con e-parent\" data-id=\"dc57661\" data-element_type=\"container\" data-e-type=\"container\">\n\t\t\t\t\t<div class=\"e-con-inner\">\n\t\t<div class=\"elementor-element elementor-element-54d59e6 e-con-full e-flex sc_layouts_column_icons_position_left e-con e-child\" data-id=\"54d59e6\" data-element_type=\"container\" data-e-type=\"container\">\n\t\t\t\t<div class=\"elementor-element elementor-element-36393b5 sc_fly_static elementor-widget elementor-widget-image\" data-id=\"36393b5\" data-element_type=\"widget\" data-e-type=\"widget\" data-widget_type=\"image.default\">\n\t\t\t\t<div class=\"elementor-widget-container\">\n\t\t\t\t\t\t\t\t\t\t\t\t\t\t\t<img fetchpriority=\"high\" decoding=\"async\" width=\"944\" height=\"1024\" src=\"https:\/\/hippokrates.sk\/wp-content\/uploads\/2026\/01\/mudr_ester_tocikova-scaled-e1768146722827-944x1024.jpg\" class=\"attachment-large size-large wp-image-44615\" alt=\"\" srcset=\"https:\/\/hippokrates.sk\/wp-content\/uploads\/2026\/01\/mudr_ester_tocikova-scaled-e1768146722827-944x1024.jpg 944w, https:\/\/hippokrates.sk\/wp-content\/uploads\/2026\/01\/mudr_ester_tocikova-scaled-e1768146722827-277x300.jpg 277w, https:\/\/hippokrates.sk\/wp-content\/uploads\/2026\/01\/mudr_ester_tocikova-scaled-e1768146722827-768x833.jpg 768w, https:\/\/hippokrates.sk\/wp-content\/uploads\/2026\/01\/mudr_ester_tocikova-scaled-e1768146722827-1416x1536.jpg 1416w, https:\/\/hippokrates.sk\/wp-content\/uploads\/2026\/01\/mudr_ester_tocikova-scaled-e1768146722827-1888x2048.jpg 1888w, https:\/\/hippokrates.sk\/wp-content\/uploads\/2026\/01\/mudr_ester_tocikova-scaled-e1768146722827-370x401.jpg 370w, https:\/\/hippokrates.sk\/wp-content\/uploads\/2026\/01\/mudr_ester_tocikova-scaled-e1768146722827-924x1002.jpg 924w, https:\/\/hippokrates.sk\/wp-content\/uploads\/2026\/01\/mudr_ester_tocikova-scaled-e1768146722827-410x445.jpg 410w, https:\/\/hippokrates.sk\/wp-content\/uploads\/2026\/01\/mudr_ester_tocikova-scaled-e1768146722827-600x651.jpg 600w, https:\/\/hippokrates.sk\/wp-content\/uploads\/2026\/01\/mudr_ester_tocikova-scaled-e1768146722827.jpg 1954w\" sizes=\"(max-width: 944px) 100vw, 944px\" \/>\t\t\t\t\t\t\t\t\t\t\t\t\t\t\t<\/div>\n\t\t\t\t<\/div>\n\t\t\t\t<\/div>\n\t\t<div class=\"elementor-element elementor-element-70c83f0 e-con-full e-flex sc_layouts_column_icons_position_left e-con e-child\" data-id=\"70c83f0\" data-element_type=\"container\" data-e-type=\"container\">\n\t\t\t\t<div class=\"elementor-element elementor-element-c6c943d sc_fly_static elementor-widget elementor-widget-heading\" data-id=\"c6c943d\" data-element_type=\"widget\" data-e-type=\"widget\" data-widget_type=\"heading.default\">\n\t\t\t\t<div class=\"elementor-widget-container\">\n\t\t\t\t\t<h2 class=\"elementor-heading-title elementor-size-default\">\nMUDr. Ester To\u010d\u00edkov\u00e1, MBA \n<\/h2>\t\t\t\t<\/div>\n\t\t\t\t<\/div>\n\t\t\t\t<div class=\"elementor-element elementor-element-853bf15 sc_fly_static elementor-widget elementor-widget-heading\" data-id=\"853bf15\" data-element_type=\"widget\" data-e-type=\"widget\" data-widget_type=\"heading.default\">\n\t\t\t\t<div class=\"elementor-widget-container\">\n\t\t\t\t\t<p class=\"elementor-heading-title elementor-size-default\">\nNeurologist\n<\/p>\t\t\t\t<\/div>\n\t\t\t\t<\/div>\n\t\t<div class=\"elementor-element elementor-element-26cd89d e-con-full e-flex sc_layouts_column_icons_position_left e-con e-child\" data-id=\"26cd89d\" data-element_type=\"container\" data-e-type=\"container\">\n\t\t\t\t<div class=\"elementor-element elementor-element-c52c4de sc_fly_static elementor-widget elementor-widget-heading\" data-id=\"c52c4de\" data-element_type=\"widget\" data-e-type=\"widget\" data-widget_type=\"heading.default\">\n\t\t\t\t<div class=\"elementor-widget-container\">\n\t\t\t\t\t<p class=\"elementor-heading-title elementor-size-default\">\nA physician board-certified in neurology and medical assessment with over 40 years of experience. She graduated from the Faculty of Medicine, Comenius University in Bratislava. Her clinical experience includes work at the neurology department in Kram\u00e1re and in her own outpatient practice. She holds an MBA in healthcare management, obtained in the Netherlands. She is a co-founder of the Hippokrates center.    \n<\/p>\t\t\t\t<\/div>\n\t\t\t\t<\/div>\n\t\t\t\t<div class=\"elementor-element elementor-element-a6d850e elementor-align-start elementor-icon-list--layout-traditional elementor-list-item-link-full_width sc_fly_static elementor-widget elementor-widget-icon-list\" data-id=\"a6d850e\" data-element_type=\"widget\" data-e-type=\"widget\" data-widget_type=\"icon-list.default\">\n\t\t\t\t<div class=\"elementor-widget-container\">\n\t\t\t\t\t\t\t<ul class=\"elementor-icon-list-items\">\n\t\t\t\t\t\t\t<li class=\"elementor-icon-list-item\">\n\t\t\t\t\t\t\t\t\t\t\t<span class=\"elementor-icon-list-icon\">\n\t\t\t\t\t\t\t<svg aria-hidden=\"true\" class=\"e-font-icon-svg e-far-check-circle\" viewBox=\"0 0 512 512\" xmlns=\"http:\/\/www.w3.org\/2000\/svg\"><path d=\"M256 8C119.033 8 8 119.033 8 256s111.033 248 248 248 248-111.033 248-248S392.967 8 256 8zm0 48c110.532 0 200 89.451 200 200 0 110.532-89.451 200-200 200-110.532 0-200-89.451-200-200 0-110.532 89.451-200 200-200m140.204 130.267l-22.536-22.718c-4.667-4.705-12.265-4.736-16.97-.068L215.346 303.697l-59.792-60.277c-4.667-4.705-12.265-4.736-16.97-.069l-22.719 22.536c-4.705 4.667-4.736 12.265-.068 16.971l90.781 91.516c4.667 4.705 12.265 4.736 16.97.068l172.589-171.204c4.704-4.668 4.734-12.266.067-16.971z\"><\/path><\/svg>\t\t\t\t\t\t<\/span>\n\t\t\t\t\t\t\t\t\t\t<span class=\"elementor-icon-list-text\">Experience: Over 40 years of experience in clinical and outpatient neurology<\/span>\n\t\t\t\t\t\t\t\t\t<\/li>\n\t\t\t\t\t\t\t\t<li class=\"elementor-icon-list-item\">\n\t\t\t\t\t\t\t\t\t\t\t<span class=\"elementor-icon-list-icon\">\n\t\t\t\t\t\t\t<svg aria-hidden=\"true\" class=\"e-font-icon-svg e-far-check-circle\" viewBox=\"0 0 512 512\" xmlns=\"http:\/\/www.w3.org\/2000\/svg\"><path d=\"M256 8C119.033 8 8 119.033 8 256s111.033 248 248 248 248-111.033 248-248S392.967 8 256 8zm0 48c110.532 0 200 89.451 200 200 0 110.532-89.451 200-200 200-110.532 0-200-89.451-200-200 0-110.532 89.451-200 200-200m140.204 130.267l-22.536-22.718c-4.667-4.705-12.265-4.736-16.97-.068L215.346 303.697l-59.792-60.277c-4.667-4.705-12.265-4.736-16.97-.069l-22.719 22.536c-4.705 4.667-4.736 12.265-.068 16.971l90.781 91.516c4.667 4.705 12.265 4.736 16.97.068l172.589-171.204c4.704-4.668 4.734-12.266.067-16.971z\"><\/path><\/svg>\t\t\t\t\t\t<\/span>\n\t\t\t\t\t\t\t\t\t\t<span class=\"elementor-icon-list-text\">Services: neurological examinations for Tetany Syndrome, injections (including GUNA MD), neurological follow-ups <\/span>\n\t\t\t\t\t\t\t\t\t<\/li>\n\t\t\t\t\t\t\t\t<li class=\"elementor-icon-list-item\">\n\t\t\t\t\t\t\t\t\t\t\t<span class=\"elementor-icon-list-icon\">\n\t\t\t\t\t\t\t<svg aria-hidden=\"true\" class=\"e-font-icon-svg e-far-check-circle\" viewBox=\"0 0 512 512\" xmlns=\"http:\/\/www.w3.org\/2000\/svg\"><path d=\"M256 8C119.033 8 8 119.033 8 256s111.033 248 248 248 248-111.033 248-248S392.967 8 256 8zm0 48c110.532 0 200 89.451 200 200 0 110.532-89.451 200-200 200-110.532 0-200-89.451-200-200 0-110.532 89.451-200 200-200m140.204 130.267l-22.536-22.718c-4.667-4.705-12.265-4.736-16.97-.068L215.346 303.697l-59.792-60.277c-4.667-4.705-12.265-4.736-16.97-.069l-22.719 22.536c-4.705 4.667-4.736 12.265-.068 16.971l90.781 91.516c4.667 4.705 12.265 4.736 16.97.068l172.589-171.204c4.704-4.668 4.734-12.266.067-16.971z\"><\/path><\/svg>\t\t\t\t\t\t<\/span>\n\t\t\t\t\t\t\t\t\t\t<span class=\"elementor-icon-list-text\"> Languages: Slovak, Russian, English<\/span>\n\t\t\t\t\t\t\t\t\t<\/li>\n\t\t\t\t\t\t<\/ul>\n\t\t\t\t\t\t<\/div>\n\t\t\t\t<\/div>\n\t\t\t\t<div class=\"elementor-element elementor-element-f4a3137 sc_fly_static elementor-widget elementor-widget-heading\" data-id=\"f4a3137\" data-element_type=\"widget\" data-e-type=\"widget\" data-widget_type=\"heading.default\">\n\t\t\t\t<div class=\"elementor-widget-container\">\n\t\t\t\t\t<h2 class=\"elementor-heading-title elementor-size-default\">Working days:<\/h2>\t\t\t\t<\/div>\n\t\t\t\t<\/div>\n\t\t<div class=\"elementor-element elementor-element-2110578 e-con-full e-flex sc_layouts_column_icons_position_left e-con e-child\" data-id=\"2110578\" data-element_type=\"container\" data-e-type=\"container\">\n\t\t\t\t<div class=\"elementor-element elementor-element-3fa646e medicalBtn sc_fly_static elementor-widget elementor-widget-button\" data-id=\"3fa646e\" data-element_type=\"widget\" data-e-type=\"widget\" data-widget_type=\"button.default\">\n\t\t\t\t<div class=\"elementor-widget-container\">\n\t\t\t\t\t\t\t\t\t<div class=\"elementor-button-wrapper\">\n\t\t\t\t\t<a class=\"elementor-button elementor-button-link elementor-size-sm\" href=\"#\">\n\t\t\t\t\t\t<span class=\"elementor-button-content-wrapper\">\n\t\t\t\t\t\t\t\t\t<span class=\"elementor-button-text\">Tuesday<\/span>\n\t\t\t\t\t<\/span>\n\t\t\t\t\t<\/a>\n\t\t\t\t<\/div>\n\t\t\t\t\t\t\t\t<\/div>\n\t\t\t\t<\/div>\n\t\t\t\t<\/div>\n\t\t\t\t<div class=\"elementor-element elementor-element-b563eea sc_fly_static elementor-widget elementor-widget-button\" data-id=\"b563eea\" data-element_type=\"widget\" data-e-type=\"widget\" data-widget_type=\"button.default\">\n\t\t\t\t<div class=\"elementor-widget-container\">\n\t\t\t\t\t\t\t\t\t<div class=\"elementor-button-wrapper\">\n\t\t\t\t\t<a class=\"elementor-button elementor-button-link elementor-size-sm\" href=\"https:\/\/medic.bookio.com\/hippokrates-bernatova\/widget?lang=sk\" target=\"_blank\" rel=\"noopener\">\n\t\t\t\t\t\t<span class=\"elementor-button-content-wrapper\">\n\t\t\t\t\t\t\t\t\t<span class=\"elementor-button-text\">Book Online<\/span>\n\t\t\t\t\t<\/span>\n\t\t\t\t\t<\/a>\n\t\t\t\t<\/div>\n\t\t\t\t\t\t\t\t<\/div>\n\t\t\t\t<\/div>\n\t\t\t\t<\/div>\n\t\t\t\t<\/div>\n\t\t\t\t\t<\/div>\n\t\t\t\t<\/div>\n\t\t\t\t<\/div>\n\t\t","protected":false},"excerpt":{"rendered":"<p>HomePage (post) title MUDr. Ester To\u010d\u00edkov\u00e1, MBA&hellip;<\/p>\n","protected":false},"author":13,"featured_media":0,"parent":43580,"menu_order":0,"comment_status":"closed","ping_status":"closed","template":"","meta":{"footnotes":""},"class_list":["post-43646","page","type-page","status-publish","hentry"],"_links":{"self":[{"href":"https:\/\/hippokrates.sk\/en\/wp-json\/wp\/v2\/pages\/43646","targetHints":{"allow":["GET"]}}],"collection":[{"href":"https:\/\/hippokrates.sk\/en\/wp-json\/wp\/v2\/pages"}],"about":[{"href":"https:\/\/hippokrates.sk\/en\/wp-json\/wp\/v2\/types\/page"}],"author":[{"embeddable":true,"href":"https:\/\/hippokrates.sk\/en\/wp-json\/wp\/v2\/users\/13"}],"replies":[{"embeddable":true,"href":"https:\/\/hippokrates.sk\/en\/wp-json\/wp\/v2\/comments?post=43646"}],"version-history":[{"count":7,"href":"https:\/\/hippokrates.sk\/en\/wp-json\/wp\/v2\/pages\/43646\/revisions"}],"predecessor-version":[{"id":45550,"href":"https:\/\/hippokrates.sk\/en\/wp-json\/wp\/v2\/pages\/43646\/revisions\/45550"}],"up":[{"embeddable":true,"href":"https:\/\/hippokrates.sk\/en\/wp-json\/wp\/v2\/pages\/43580"}],"wp:attachment":[{"href":"https:\/\/hippokrates.sk\/en\/wp-json\/wp\/v2\/media?parent=43646"}],"curies":[{"name":"wp","href":"https:\/\/api.w.org\/{rel}","templated":true}]}}