{"id":43555,"date":"2025-11-28T15:35:34","date_gmt":"2025-11-28T14:35:34","guid":{"rendered":"https:\/\/hippokrates.sk\/cart\/"},"modified":"2026-01-10T14:30:26","modified_gmt":"2026-01-10T13:30:26","slug":"cart","status":"publish","type":"page","link":"https:\/\/hippokrates.sk\/en\/cart\/","title":{"rendered":"Cart"},"content":{"rendered":"\n<div data-block-name=\"woocommerce\/cart\" class=\"wp-block-woocommerce-cart alignwide is-loading\">\n<div data-block-name=\"woocommerce\/filled-cart-block\" class=\"wp-block-woocommerce-filled-cart-block\">\n<div data-block-name=\"woocommerce\/cart-items-block\" class=\"wp-block-woocommerce-cart-items-block\">\n<div data-block-name=\"woocommerce\/cart-line-items-block\" data-translated-with-w-p-m-l-t-m=\"1\" class=\"wp-block-woocommerce-cart-line-items-block\"\/>\n\n\n<\/div>\n\n\n\n\n<div data-block-name=\"woocommerce\/cart-totals-block\" class=\"wp-block-woocommerce-cart-totals-block\">\n<div data-block-name=\"woocommerce\/cart-order-summary-block\" class=\"wp-block-woocommerce-cart-order-summary-block\">\n\t\t\t<div data-block-name=\"woocommerce\/cart-order-summary-heading-block\" class=\"wp-block-woocommerce-cart-order-summary-heading-block\"><\/div>\n\t\t\t<div data-block-name=\"woocommerce\/cart-order-summary-subtotal-block\" class=\"wp-block-woocommerce-cart-order-summary-subtotal-block\"><\/div>\n\t\t\t<div data-block-name=\"woocommerce\/cart-order-summary-fee-block\" class=\"wp-block-woocommerce-cart-order-summary-fee-block\"><\/div>\n\t\t\t<div data-block-name=\"woocommerce\/cart-order-summary-discount-block\" class=\"wp-block-woocommerce-cart-order-summary-discount-block\"><\/div>\n\t\t\t<div data-block-name=\"woocommerce\/cart-order-summary-coupon-form-block\" class=\"wp-block-woocommerce-cart-order-summary-coupon-form-block\"><\/div>\n\t\t\t<div data-block-name=\"woocommerce\/cart-order-summary-shipping-form-block\" class=\"wp-block-woocommerce-cart-order-summary-shipping-block\"><\/div>\n\t\t\t<div data-block-name=\"woocommerce\/cart-order-summary-taxes-block\" class=\"wp-block-woocommerce-cart-order-summary-taxes-block\"><\/div>\n\t\t\n<div data-block-name=\"woocommerce\/cart-order-summary-heading-block\" class=\"wp-block-woocommerce-cart-order-summary-heading-block\"><\/div><div data-block-name=\"woocommerce\/cart-order-summary-coupon-form-block\" data-translated-with-w-p-m-l-t-m=\"1\" class=\"wp-block-woocommerce-cart-order-summary-coupon-form-block\"\/>\n\n\n\n<div data-block-name=\"woocommerce\/cart-express-payment-block\" data-button-border-radius=\"4\" data-button-height=\"48\" data-show-button-styles=\"false\" data-translated-with-w-p-m-l-t-m=\"1\" class=\"wp-block-woocommerce-cart-express-payment-block\"\/>\n\n\n\n<div data-block-name=\"woocommerce\/proceed-to-checkout-block\" class=\"wp-block-woocommerce-proceed-to-checkout-block\"><\/div>\n\n\n\n<div data-block-name=\"woocommerce\/cart-accepted-payment-methods-block\" data-translated-with-w-p-m-l-t-m=\"1\" class=\"wp-block-woocommerce-cart-accepted-payment-methods-block\"\/>\n<\/div>\n<\/div>\n\n\n\n<div data-block-name=\"woocommerce\/empty-cart-block\" class=\"wp-block-woocommerce-empty-cart-block\">\n<h2 class=\"wp-block-heading has-text-align-center with-empty-cart-icon wc-block-cart__empty-cart__title\">Your cart is currently empty!<\/h2>\n\n\n\n<hr class=\"wp-block-separator has-alpha-channel-opacity is-style-dots\"\/>\n\n\n\n<h2 class=\"wp-block-heading has-text-align-center\">Shop News<\/h2>\n\n\n<div data-block-name=\"woocommerce\/product-new\" data-columns=\"4\" data-rows=\"1\" class=\"wc-block-grid wp-block-product-new wp-block-woocommerce-product-new wc-block-product-new has-4-columns\"><ul class=\"wc-block-grid__products\"><li class=\"wc-block-grid__product\"><span class=\"gtm4wp_productdata\" style=\"display:none; visibility:hidden;\" data-gtm4wp_product_data=\"{&quot;internal_id&quot;:45852,&quot;item_id&quot;:45852,&quot;item_name&quot;:&quot;Myofasci\\u00e1lna mas\\u00e1\\u017e + Kinesiotaping 45 min.&quot;,&quot;sku&quot;:&quot;04-2026&quot;,&quot;price&quot;:65,&quot;stocklevel&quot;:null,&quot;stockstatus&quot;:&quot;instock&quot;,&quot;google_business_vertical&quot;:&quot;retail&quot;,&quot;item_category&quot;:&quot;Lie\\u010dba bolest\\u00ed chrbta&quot;,&quot;id&quot;:45852,&quot;productlink&quot;:&quot;https:\\\/\\\/hippokrates.sk\\\/produkt\\\/myofascialna-masaz-kinesiotaping-45-min\\\/&quot;,&quot;item_list_name&quot;:&quot;General Product List&quot;,&quot;index&quot;:0,&quot;product_type&quot;:&quot;simple&quot;,&quot;item_brand&quot;:&quot;&quot;}\"><\/span>\n\t\t\t\t<a href=\"https:\/\/hippokrates.sk\/produkt\/myofascialna-masaz-kinesiotaping-45-min\/\" class=\"wc-block-grid__product-link\">\n\t\t\t\t\t\n\t\t\t\t\t<div class=\"wc-block-grid__product-image\"><img fetchpriority=\"high\" decoding=\"async\" width=\"300\" height=\"300\" src=\"https:\/\/hippokrates.sk\/wp-content\/uploads\/2021\/08\/myofascialna-masaz-1-1-300x300.png\" class=\"attachment-woocommerce_thumbnail size-woocommerce_thumbnail\" alt=\"Myofasci\u00e1lna mas\u00e1\u017e + Kinesiotaping 45 min.\" srcset=\"https:\/\/hippokrates.sk\/wp-content\/uploads\/2021\/08\/myofascialna-masaz-1-1-300x300.png 300w, https:\/\/hippokrates.sk\/wp-content\/uploads\/2021\/08\/myofascialna-masaz-1-1-150x150.png 150w, https:\/\/hippokrates.sk\/wp-content\/uploads\/2021\/08\/myofascialna-masaz-1-1-370x370.png 370w, https:\/\/hippokrates.sk\/wp-content\/uploads\/2021\/08\/myofascialna-masaz-1-1-90x90.png 90w, https:\/\/hippokrates.sk\/wp-content\/uploads\/2021\/08\/myofascialna-masaz-1-1-410x410.png 410w, https:\/\/hippokrates.sk\/wp-content\/uploads\/2021\/08\/myofascialna-masaz-1-1-600x600.png 600w, https:\/\/hippokrates.sk\/wp-content\/uploads\/2021\/08\/myofascialna-masaz-1-1-100x100.png 100w, https:\/\/hippokrates.sk\/wp-content\/uploads\/2021\/08\/myofascialna-masaz-1-1.png 620w\" sizes=\"(max-width: 300px) 100vw, 300px\" \/><\/div>\n\t\t\t\t\t<div class=\"wc-block-grid__product-title\">Myofasci\u00e1lna mas\u00e1\u017e + Kinesiotaping 45 min.<\/div>\n\t\t\t\t<\/a>\n\t\t\t\t<div class=\"wc-block-grid__product-price price\"><span class=\"woocommerce-Price-amount amount\">65,00&nbsp;<span class=\"woocommerce-Price-currencySymbol\">&euro;<\/span><\/span><\/div>\n\t\t\t\t\n\t\t\t\t<div class=\"wp-block-button wc-block-grid__product-add-to-cart\"><a href=\"\/en\/wp-json\/wp\/v2\/pages\/43555?add-to-cart=45852\" aria-label=\"Add to cart: &ldquo;Myofasci\u00e1lna mas\u00e1\u017e + Kinesiotaping 45 min.&rdquo;\" data-quantity=\"1\" data-product_id=\"45852\" data-product_sku=\"04-2026\" data-price=\"65\" rel=\"nofollow\" class=\"wp-block-button__link  add_to_cart_button ajax_add_to_cart\">Add to cart<\/a><\/div>\n\t\t\t<\/li><li class=\"wc-block-grid__product\"><span class=\"gtm4wp_productdata\" style=\"display:none; visibility:hidden;\" data-gtm4wp_product_data=\"{&quot;internal_id&quot;:45776,&quot;item_id&quot;:45776,&quot;item_name&quot;:&quot;Mg NeuroBalance &amp; Mg TetanyBalance&quot;,&quot;sku&quot;:45776,&quot;price&quot;:45,&quot;stocklevel&quot;:null,&quot;stockstatus&quot;:&quot;instock&quot;,&quot;google_business_vertical&quot;:&quot;retail&quot;,&quot;item_category&quot;:&quot;Regener\\u00e1cia&quot;,&quot;id&quot;:45776,&quot;productlink&quot;:&quot;https:\\\/\\\/hippokrates.sk\\\/produkt\\\/mg-neurobalance-mg-tetanybalance\\\/&quot;,&quot;item_list_name&quot;:&quot;General Product List&quot;,&quot;index&quot;:0,&quot;product_type&quot;:&quot;simple&quot;,&quot;item_brand&quot;:&quot;&quot;}\"><\/span>\n\t\t\t\t<a href=\"https:\/\/hippokrates.sk\/produkt\/mg-neurobalance-mg-tetanybalance\/\" class=\"wc-block-grid__product-link\">\n\t\t\t\t\t<div class=\"wc-block-grid__product-onsale\">\n\t\t\t<span aria-hidden=\"true\">Sale<\/span>\n\t\t\t<span class=\"screen-reader-text\">Product on sale<\/span>\n\t\t<\/div>\n\t\t\t\t\t<div class=\"wc-block-grid__product-image\"><img decoding=\"async\" width=\"300\" height=\"300\" src=\"https:\/\/hippokrates.sk\/wp-content\/uploads\/2026\/03\/Mg-Neurobalance-a-MG-TetanyBalance-300x300.png\" class=\"attachment-woocommerce_thumbnail size-woocommerce_thumbnail\" alt=\"Mg NeuroBalance &amp; Mg TetanyBalance\" srcset=\"https:\/\/hippokrates.sk\/wp-content\/uploads\/2026\/03\/Mg-Neurobalance-a-MG-TetanyBalance-300x300.png 300w, https:\/\/hippokrates.sk\/wp-content\/uploads\/2026\/03\/Mg-Neurobalance-a-MG-TetanyBalance-150x150.png 150w, https:\/\/hippokrates.sk\/wp-content\/uploads\/2026\/03\/Mg-Neurobalance-a-MG-TetanyBalance-90x90.png 90w, https:\/\/hippokrates.sk\/wp-content\/uploads\/2026\/03\/Mg-Neurobalance-a-MG-TetanyBalance-100x100.png 100w, https:\/\/hippokrates.sk\/wp-content\/uploads\/2026\/03\/Mg-Neurobalance-a-MG-TetanyBalance-370x370.png 370w\" sizes=\"(max-width: 300px) 100vw, 300px\" \/><\/div>\n\t\t\t\t\t<div class=\"wc-block-grid__product-title\">Mg NeuroBalance &amp; Mg TetanyBalance<\/div>\n\t\t\t\t<\/a>\n\t\t\t\t<div class=\"wc-block-grid__product-price price\"><del aria-hidden=\"true\"><span class=\"woocommerce-Price-amount amount\">49,00&nbsp;<span class=\"woocommerce-Price-currencySymbol\">&euro;<\/span><\/span><\/del> <span class=\"screen-reader-text\">Original price was: 49,00&nbsp;&euro;.<\/span><ins aria-hidden=\"true\"><span class=\"woocommerce-Price-amount amount\">45,00&nbsp;<span class=\"woocommerce-Price-currencySymbol\">&euro;<\/span><\/span><\/ins><span class=\"screen-reader-text\">Current price is: 45,00&nbsp;&euro;.<\/span><\/div>\n\t\t\t\t\n\t\t\t\t<div class=\"wp-block-button wc-block-grid__product-add-to-cart\"><a href=\"\/en\/wp-json\/wp\/v2\/pages\/43555?add-to-cart=45776\" aria-label=\"Add to cart: &ldquo;Mg NeuroBalance &amp; Mg TetanyBalance&rdquo;\" data-quantity=\"1\" data-product_id=\"45776\" data-product_sku=\"\" data-price=\"45\" rel=\"nofollow\" class=\"wp-block-button__link  add_to_cart_button ajax_add_to_cart\">Add to cart<\/a><\/div>\n\t\t\t<\/li><li class=\"wc-block-grid__product\"><span class=\"gtm4wp_productdata\" style=\"display:none; visibility:hidden;\" data-gtm4wp_product_data=\"{&quot;internal_id&quot;:22977,&quot;item_id&quot;:22977,&quot;item_name&quot;:&quot;Magnetoterapia pr\\u00edstrojom UltiCare LT-99&quot;,&quot;sku&quot;:22977,&quot;price&quot;:20,&quot;stocklevel&quot;:null,&quot;stockstatus&quot;:&quot;instock&quot;,&quot;google_business_vertical&quot;:&quot;retail&quot;,&quot;item_category&quot;:&quot;Lie\\u010dba bolest\\u00ed chrbta&quot;,&quot;id&quot;:22977,&quot;productlink&quot;:&quot;https:\\\/\\\/hippokrates.sk\\\/produkt\\\/magnetoterapia\\\/&quot;,&quot;item_list_name&quot;:&quot;General Product List&quot;,&quot;index&quot;:0,&quot;product_type&quot;:&quot;simple&quot;,&quot;item_brand&quot;:&quot;&quot;}\"><\/span>\n\t\t\t\t<a href=\"https:\/\/hippokrates.sk\/produkt\/magnetoterapia\/\" class=\"wc-block-grid__product-link\">\n\t\t\t\t\t\n\t\t\t\t\t<div class=\"wc-block-grid__product-image\"><img decoding=\"async\" width=\"300\" height=\"300\" src=\"https:\/\/hippokrates.sk\/wp-content\/uploads\/2023\/02\/magnetoterapia-hippokrates--300x300.png\" class=\"attachment-woocommerce_thumbnail size-woocommerce_thumbnail\" alt=\"Magnetoterapia pr\u00edstrojom UltiCare LT-99\" srcset=\"https:\/\/hippokrates.sk\/wp-content\/uploads\/2023\/02\/magnetoterapia-hippokrates--300x300.png 300w, https:\/\/hippokrates.sk\/wp-content\/uploads\/2023\/02\/magnetoterapia-hippokrates--150x150.png 150w, https:\/\/hippokrates.sk\/wp-content\/uploads\/2023\/02\/magnetoterapia-hippokrates--370x370.png 370w, https:\/\/hippokrates.sk\/wp-content\/uploads\/2023\/02\/magnetoterapia-hippokrates--90x90.png 90w, https:\/\/hippokrates.sk\/wp-content\/uploads\/2023\/02\/magnetoterapia-hippokrates--410x410.png 410w, https:\/\/hippokrates.sk\/wp-content\/uploads\/2023\/02\/magnetoterapia-hippokrates--600x600.png 600w, https:\/\/hippokrates.sk\/wp-content\/uploads\/2023\/02\/magnetoterapia-hippokrates--100x100.png 100w, https:\/\/hippokrates.sk\/wp-content\/uploads\/2023\/02\/magnetoterapia-hippokrates-.png 620w\" sizes=\"(max-width: 300px) 100vw, 300px\" \/><\/div>\n\t\t\t\t\t<div class=\"wc-block-grid__product-title\">Magnetoterapia pr\u00edstrojom UltiCare LT-99<\/div>\n\t\t\t\t<\/a>\n\t\t\t\t<div class=\"wc-block-grid__product-price price\"><span class=\"woocommerce-Price-amount amount\">20,00&nbsp;<span class=\"woocommerce-Price-currencySymbol\">&euro;<\/span><\/span><\/div>\n\t\t\t\t\n\t\t\t\t<div class=\"wp-block-button wc-block-grid__product-add-to-cart\"><a href=\"\/en\/wp-json\/wp\/v2\/pages\/43555?add-to-cart=22977\" aria-label=\"Add to cart: &ldquo;Magnetoterapia pr\u00edstrojom UltiCare LT-99&rdquo;\" data-quantity=\"1\" data-product_id=\"22977\" data-product_sku=\"\" data-price=\"20\" rel=\"nofollow\" class=\"wp-block-button__link  add_to_cart_button ajax_add_to_cart\">Add to cart<\/a><\/div>\n\t\t\t<\/li><li class=\"wc-block-grid__product\"><span class=\"gtm4wp_productdata\" style=\"display:none; visibility:hidden;\" data-gtm4wp_product_data=\"{&quot;internal_id&quot;:45633,&quot;item_id&quot;:45633,&quot;item_name&quot;:&quot;Mg NeuroBalance - magn\\u00e9zium podpora nervov\\u00e9ho syst\\u00e9mu a koncentr\\u00e1cie&quot;,&quot;sku&quot;:45633,&quot;price&quot;:29,&quot;stocklevel&quot;:null,&quot;stockstatus&quot;:&quot;instock&quot;,&quot;google_business_vertical&quot;:&quot;retail&quot;,&quot;item_category&quot;:&quot;Lie\\u010dba bolest\\u00ed chrbta&quot;,&quot;id&quot;:45633,&quot;productlink&quot;:&quot;https:\\\/\\\/hippokrates.sk\\\/produkt\\\/mg-neurobalance\\\/&quot;,&quot;item_list_name&quot;:&quot;General Product List&quot;,&quot;index&quot;:0,&quot;product_type&quot;:&quot;simple&quot;,&quot;item_brand&quot;:&quot;&quot;}\"><\/span>\n\t\t\t\t<a href=\"https:\/\/hippokrates.sk\/produkt\/mg-neurobalance\/\" class=\"wc-block-grid__product-link\">\n\t\t\t\t\t\n\t\t\t\t\t<div class=\"wc-block-grid__product-image\"><img loading=\"lazy\" decoding=\"async\" width=\"300\" height=\"300\" src=\"https:\/\/hippokrates.sk\/wp-content\/uploads\/2026\/02\/MgNEUROBALANCE-300x300.png\" class=\"attachment-woocommerce_thumbnail size-woocommerce_thumbnail\" alt=\"hor\u010d\u00edk pre mozog a ment\u00e1lnu \u00fanavu\" srcset=\"https:\/\/hippokrates.sk\/wp-content\/uploads\/2026\/02\/MgNEUROBALANCE-300x300.png 300w, https:\/\/hippokrates.sk\/wp-content\/uploads\/2026\/02\/MgNEUROBALANCE-150x150.png 150w, https:\/\/hippokrates.sk\/wp-content\/uploads\/2026\/02\/MgNEUROBALANCE-90x90.png 90w, https:\/\/hippokrates.sk\/wp-content\/uploads\/2026\/02\/MgNEUROBALANCE-100x100.png 100w, https:\/\/hippokrates.sk\/wp-content\/uploads\/2026\/02\/MgNEUROBALANCE-370x370.png 370w\" sizes=\"(max-width: 300px) 100vw, 300px\" \/><\/div>\n\t\t\t\t\t<div class=\"wc-block-grid__product-title\">Mg NeuroBalance &#8211; magn\u00e9zium podpora nervov\u00e9ho syst\u00e9mu a koncentr\u00e1cie<\/div>\n\t\t\t\t<\/a>\n\t\t\t\t<div class=\"wc-block-grid__product-price price\"><span class=\"woocommerce-Price-amount amount\">29,00&nbsp;<span class=\"woocommerce-Price-currencySymbol\">&euro;<\/span><\/span><\/div>\n\t\t\t\t\n\t\t\t\t<div class=\"wp-block-button wc-block-grid__product-add-to-cart\"><a href=\"\/en\/wp-json\/wp\/v2\/pages\/43555?add-to-cart=45633\" aria-label=\"Add to cart: &ldquo;Mg NeuroBalance - magn\u00e9zium podpora nervov\u00e9ho syst\u00e9mu a koncentr\u00e1cie&rdquo;\" data-quantity=\"1\" data-product_id=\"45633\" data-product_sku=\"\" data-price=\"29\" rel=\"nofollow\" class=\"wp-block-button__link  add_to_cart_button ajax_add_to_cart\">Add to cart<\/a><\/div>\n\t\t\t<\/li><\/ul><\/div><\/div>\n<\/div>\n","protected":false},"excerpt":{"rendered":"","protected":false},"author":13,"featured_media":0,"parent":0,"menu_order":0,"comment_status":"closed","ping_status":"closed","template":"","meta":{"footnotes":""},"class_list":["post-43555","page","type-page","status-publish","hentry"],"_links":{"self":[{"href":"https:\/\/hippokrates.sk\/en\/wp-json\/wp\/v2\/pages\/43555","targetHints":{"allow":["GET"]}}],"collection":[{"href":"https:\/\/hippokrates.sk\/en\/wp-json\/wp\/v2\/pages"}],"about":[{"href":"https:\/\/hippokrates.sk\/en\/wp-json\/wp\/v2\/types\/page"}],"author":[{"embeddable":true,"href":"https:\/\/hippokrates.sk\/en\/wp-json\/wp\/v2\/users\/13"}],"replies":[{"embeddable":true,"href":"https:\/\/hippokrates.sk\/en\/wp-json\/wp\/v2\/comments?post=43555"}],"version-history":[{"count":2,"href":"https:\/\/hippokrates.sk\/en\/wp-json\/wp\/v2\/pages\/43555\/revisions"}],"predecessor-version":[{"id":44050,"href":"https:\/\/hippokrates.sk\/en\/wp-json\/wp\/v2\/pages\/43555\/revisions\/44050"}],"wp:attachment":[{"href":"https:\/\/hippokrates.sk\/en\/wp-json\/wp\/v2\/media?parent=43555"}],"curies":[{"name":"wp","href":"https:\/\/api.w.org\/{rel}","templated":true}]}}