{"id":43539,"date":"2025-12-01T10:55:03","date_gmt":"2025-12-01T09:55:03","guid":{"rendered":"https:\/\/hippokrates.sk\/m-d-katarina-placha\/"},"modified":"2026-01-30T17:01:28","modified_gmt":"2026-01-30T16:01:28","slug":"m-d-katarina-placha","status":"publish","type":"page","link":"https:\/\/hippokrates.sk\/en\/about-us-2\/our-team\/m-d-katarina-placha\/","title":{"rendered":"M.D. Katar\u00edna Plach\u00e1"},"content":{"rendered":"\t\t<div data-elementor-type=\"wp-page\" data-elementor-id=\"43539\" class=\"elementor elementor-43539 elementor-7856\" data-elementor-post-type=\"page\">\n\t\t\t\t<div class=\"elementor-element elementor-element-516e710 e-flex e-con-boxed sc_layouts_column_icons_position_left e-con e-parent\" data-id=\"516e710\" data-element_type=\"container\" data-e-type=\"container\">\n\t\t\t\t\t<div class=\"e-con-inner\">\n\t\t\t\t<div class=\"elementor-element elementor-element-ad3d1a4 sc_fly_static elementor-widget elementor-widget-trx_elm_post_breadcrumbs\" data-id=\"ad3d1a4\" data-element_type=\"widget\" data-e-type=\"widget\" data-widget_type=\"trx_elm_post_breadcrumbs.default\">\n\t\t\t\t<div class=\"elementor-widget-container\">\n\t\t\t\t\t<div class=\"trx-addons-post-breadcrumbs\"><div class=\"breadcrumbs\"><a class=\"breadcrumbs_item home\" href=\"https:\/\/hippokrates.sk\/en\/\">Home<\/a><span class=\"breadcrumbs_delimiter\"><\/span><span class=\"breadcrumbs_item current\">M.D. Katar\u00edna Plach\u00e1<\/span><\/div><\/div>\t\t\t\t<\/div>\n\t\t\t\t<\/div>\n\t\t\t\t\t<\/div>\n\t\t\t\t<\/div>\n\t\t<div class=\"elementor-element elementor-element-dc57661 e-flex e-con-boxed sc_layouts_column_icons_position_left e-con e-parent\" data-id=\"dc57661\" data-element_type=\"container\" data-e-type=\"container\">\n\t\t\t\t\t<div class=\"e-con-inner\">\n\t\t<div class=\"elementor-element elementor-element-54d59e6 e-con-full e-flex sc_layouts_column_icons_position_left e-con e-child\" data-id=\"54d59e6\" data-element_type=\"container\" data-e-type=\"container\">\n\t\t\t\t<div class=\"elementor-element elementor-element-36393b5 sc_fly_static elementor-widget elementor-widget-image\" data-id=\"36393b5\" data-element_type=\"widget\" data-e-type=\"widget\" data-widget_type=\"image.default\">\n\t\t\t\t<div class=\"elementor-widget-container\">\n\t\t\t\t\t\t\t\t\t\t\t\t\t\t\t<img fetchpriority=\"high\" decoding=\"async\" width=\"923\" height=\"1024\" src=\"https:\/\/hippokrates.sk\/wp-content\/uploads\/2025\/12\/Dr.Katarina-Placha-923x1024.jpg\" class=\"attachment-large size-large wp-image-43605\" alt=\"\" srcset=\"https:\/\/hippokrates.sk\/wp-content\/uploads\/2025\/12\/Dr.Katarina-Placha-923x1024.jpg 923w, https:\/\/hippokrates.sk\/wp-content\/uploads\/2025\/12\/Dr.Katarina-Placha-271x300.jpg 271w, https:\/\/hippokrates.sk\/wp-content\/uploads\/2025\/12\/Dr.Katarina-Placha-768x852.jpg 768w, https:\/\/hippokrates.sk\/wp-content\/uploads\/2025\/12\/Dr.Katarina-Placha-370x410.jpg 370w, https:\/\/hippokrates.sk\/wp-content\/uploads\/2025\/12\/Dr.Katarina-Placha-924x1025.jpg 924w, https:\/\/hippokrates.sk\/wp-content\/uploads\/2025\/12\/Dr.Katarina-Placha-410x455.jpg 410w, https:\/\/hippokrates.sk\/wp-content\/uploads\/2025\/12\/Dr.Katarina-Placha-600x665.jpg 600w, https:\/\/hippokrates.sk\/wp-content\/uploads\/2025\/12\/Dr.Katarina-Placha.avif 1185w\" sizes=\"(max-width: 923px) 100vw, 923px\" \/>\t\t\t\t\t\t\t\t\t\t\t\t\t\t\t<\/div>\n\t\t\t\t<\/div>\n\t\t\t\t<\/div>\n\t\t<div class=\"elementor-element elementor-element-70c83f0 e-con-full e-flex sc_layouts_column_icons_position_left e-con e-child\" data-id=\"70c83f0\" data-element_type=\"container\" data-e-type=\"container\">\n\t\t\t\t<div class=\"elementor-element elementor-element-c6c943d sc_fly_static elementor-widget elementor-widget-heading\" data-id=\"c6c943d\" data-element_type=\"widget\" data-e-type=\"widget\" data-widget_type=\"heading.default\">\n\t\t\t\t<div class=\"elementor-widget-container\">\n\t\t\t\t\t<h2 class=\"elementor-heading-title elementor-size-default\">M.D. Katar\u00edna Plach\u00e1<\/h2>\t\t\t\t<\/div>\n\t\t\t\t<\/div>\n\t\t\t\t<div class=\"elementor-element elementor-element-bb3795d sc_fly_static elementor-widget elementor-widget-heading\" data-id=\"bb3795d\" data-element_type=\"widget\" data-e-type=\"widget\" data-widget_type=\"heading.default\">\n\t\t\t\t<div class=\"elementor-widget-container\">\n\t\t\t\t\t<p class=\"elementor-heading-title elementor-size-default\">Neurologist<\/p>\t\t\t\t<\/div>\n\t\t\t\t<\/div>\n\t\t<div class=\"elementor-element elementor-element-26cd89d e-con-full e-flex sc_layouts_column_icons_position_left e-con e-child\" data-id=\"26cd89d\" data-element_type=\"container\" data-e-type=\"container\">\n\t\t\t\t<div class=\"elementor-element elementor-element-c52c4de sc_fly_static elementor-widget elementor-widget-heading\" data-id=\"c52c4de\" data-element_type=\"widget\" data-e-type=\"widget\" data-widget_type=\"heading.default\">\n\t\t\t\t<div class=\"elementor-widget-container\">\n\t\t\t\t\t<p class=\"elementor-heading-title elementor-size-default\">She completed her general medical education at the Faculty of Medicine, Pavol Jozef \u0160af\u00e1rik University in Ko\u0161ice. She gained experience and clinical practice in neurological departments at Penta Hospitals in Ro\u017e\u0148ava and J. A. Reiman University Hospital in Pre\u0161ov. She also has extensive experience in outpatient neurological practice. She completed training in carotid ultrasound, electroencephalography, and electromyography. A physician board-certified in neurology and pain medicine. <\/p>\t\t\t\t<\/div>\n\t\t\t\t<\/div>\n\t\t\t\t<div class=\"elementor-element elementor-element-fbb5a28 elementor-align-start elementor-icon-list--layout-traditional elementor-list-item-link-full_width sc_fly_static elementor-widget elementor-widget-icon-list\" data-id=\"fbb5a28\" data-element_type=\"widget\" data-e-type=\"widget\" data-widget_type=\"icon-list.default\">\n\t\t\t\t<div class=\"elementor-widget-container\">\n\t\t\t\t\t\t\t<ul class=\"elementor-icon-list-items\">\n\t\t\t\t\t\t\t<li class=\"elementor-icon-list-item\">\n\t\t\t\t\t\t\t\t\t\t\t<span class=\"elementor-icon-list-icon\">\n\t\t\t\t\t\t\t<svg aria-hidden=\"true\" class=\"e-font-icon-svg e-far-check-circle\" viewBox=\"0 0 512 512\" xmlns=\"http:\/\/www.w3.org\/2000\/svg\"><path d=\"M256 8C119.033 8 8 119.033 8 256s111.033 248 248 248 248-111.033 248-248S392.967 8 256 8zm0 48c110.532 0 200 89.451 200 200 0 110.532-89.451 200-200 200-110.532 0-200-89.451-200-200 0-110.532 89.451-200 200-200m140.204 130.267l-22.536-22.718c-4.667-4.705-12.265-4.736-16.97-.068L215.346 303.697l-59.792-60.277c-4.667-4.705-12.265-4.736-16.97-.069l-22.719 22.536c-4.705 4.667-4.736 12.265-.068 16.971l90.781 91.516c4.667 4.705 12.265 4.736 16.97.068l172.589-171.204c4.704-4.668 4.734-12.266.067-16.971z\"><\/path><\/svg>\t\t\t\t\t\t<\/span>\n\t\t\t\t\t\t\t\t\t\t<span class=\"elementor-icon-list-text\">Experience: Several years of practice in clinical and outpatient neurology.<\/span>\n\t\t\t\t\t\t\t\t\t<\/li>\n\t\t\t\t\t\t\t\t<li class=\"elementor-icon-list-item\">\n\t\t\t\t\t\t\t\t\t\t\t<span class=\"elementor-icon-list-icon\">\n\t\t\t\t\t\t\t<svg aria-hidden=\"true\" class=\"e-font-icon-svg e-far-check-circle\" viewBox=\"0 0 512 512\" xmlns=\"http:\/\/www.w3.org\/2000\/svg\"><path d=\"M256 8C119.033 8 8 119.033 8 256s111.033 248 248 248 248-111.033 248-248S392.967 8 256 8zm0 48c110.532 0 200 89.451 200 200 0 110.532-89.451 200-200 200-110.532 0-200-89.451-200-200 0-110.532 89.451-200 200-200m140.204 130.267l-22.536-22.718c-4.667-4.705-12.265-4.736-16.97-.068L215.346 303.697l-59.792-60.277c-4.667-4.705-12.265-4.736-16.97-.069l-22.719 22.536c-4.705 4.667-4.736 12.265-.068 16.971l90.781 91.516c4.667 4.705 12.265 4.736 16.97.068l172.589-171.204c4.704-4.668 4.734-12.266.067-16.971z\"><\/path><\/svg>\t\t\t\t\t\t<\/span>\n\t\t\t\t\t\t\t\t\t\t<span class=\"elementor-icon-list-text\">Procedures: Initial neurological examinations, EMG examinations, injections (including with GUNA MD), Carotid sonography. <\/span>\n\t\t\t\t\t\t\t\t\t<\/li>\n\t\t\t\t\t\t\t\t<li class=\"elementor-icon-list-item\">\n\t\t\t\t\t\t\t\t\t\t\t<span class=\"elementor-icon-list-icon\">\n\t\t\t\t\t\t\t<svg aria-hidden=\"true\" class=\"e-font-icon-svg e-far-check-circle\" viewBox=\"0 0 512 512\" xmlns=\"http:\/\/www.w3.org\/2000\/svg\"><path d=\"M256 8C119.033 8 8 119.033 8 256s111.033 248 248 248 248-111.033 248-248S392.967 8 256 8zm0 48c110.532 0 200 89.451 200 200 0 110.532-89.451 200-200 200-110.532 0-200-89.451-200-200 0-110.532 89.451-200 200-200m140.204 130.267l-22.536-22.718c-4.667-4.705-12.265-4.736-16.97-.068L215.346 303.697l-59.792-60.277c-4.667-4.705-12.265-4.736-16.97-.069l-22.719 22.536c-4.705 4.667-4.736 12.265-.068 16.971l90.781 91.516c4.667 4.705 12.265 4.736 16.97.068l172.589-171.204c4.704-4.668 4.734-12.266.067-16.971z\"><\/path><\/svg>\t\t\t\t\t\t<\/span>\n\t\t\t\t\t\t\t\t\t\t<span class=\"elementor-icon-list-text\"> Languages: Slovak, English<\/span>\n\t\t\t\t\t\t\t\t\t<\/li>\n\t\t\t\t\t\t<\/ul>\n\t\t\t\t\t\t<\/div>\n\t\t\t\t<\/div>\n\t\t\t\t<div class=\"elementor-element elementor-element-049aab8 sc_fly_static elementor-widget elementor-widget-heading\" data-id=\"049aab8\" data-element_type=\"widget\" data-e-type=\"widget\" data-widget_type=\"heading.default\">\n\t\t\t\t<div class=\"elementor-widget-container\">\n\t\t\t\t\t<h2 class=\"elementor-heading-title elementor-size-default\">Consultation Days:<\/h2>\t\t\t\t<\/div>\n\t\t\t\t<\/div>\n\t\t<div class=\"elementor-element elementor-element-c440566 e-con-full e-flex sc_layouts_column_icons_position_left e-con e-child\" data-id=\"c440566\" data-element_type=\"container\" data-e-type=\"container\">\n\t\t\t\t<div class=\"elementor-element elementor-element-23d16f8 medicalBtn sc_fly_static elementor-widget elementor-widget-button\" data-id=\"23d16f8\" data-element_type=\"widget\" data-e-type=\"widget\" data-widget_type=\"button.default\">\n\t\t\t\t<div class=\"elementor-widget-container\">\n\t\t\t\t\t\t\t\t\t<div class=\"elementor-button-wrapper\">\n\t\t\t\t\t<a class=\"elementor-button elementor-button-link elementor-size-sm\" href=\"#\">\n\t\t\t\t\t\t<span class=\"elementor-button-content-wrapper\">\n\t\t\t\t\t\t\t\t\t<span class=\"elementor-button-text\">Monday<\/span>\n\t\t\t\t\t<\/span>\n\t\t\t\t\t<\/a>\n\t\t\t\t<\/div>\n\t\t\t\t\t\t\t\t<\/div>\n\t\t\t\t<\/div>\n\t\t\t\t<div class=\"elementor-element elementor-element-f1e7059 medicalBtn sc_fly_static elementor-widget elementor-widget-button\" data-id=\"f1e7059\" data-element_type=\"widget\" data-e-type=\"widget\" data-widget_type=\"button.default\">\n\t\t\t\t<div class=\"elementor-widget-container\">\n\t\t\t\t\t\t\t\t\t<div class=\"elementor-button-wrapper\">\n\t\t\t\t\t<a class=\"elementor-button elementor-button-link elementor-size-sm\" href=\"#\">\n\t\t\t\t\t\t<span class=\"elementor-button-content-wrapper\">\n\t\t\t\t\t\t\t\t\t<span class=\"elementor-button-text\">Tuesday <\/span>\n\t\t\t\t\t<\/span>\n\t\t\t\t\t<\/a>\n\t\t\t\t<\/div>\n\t\t\t\t\t\t\t\t<\/div>\n\t\t\t\t<\/div>\n\t\t\t\t<\/div>\n\t\t\t\t<div class=\"elementor-element elementor-element-b563eea elementor-mobile-align-center sc_fly_static elementor-widget elementor-widget-button\" data-id=\"b563eea\" data-element_type=\"widget\" data-e-type=\"widget\" data-widget_type=\"button.default\">\n\t\t\t\t<div class=\"elementor-widget-container\">\n\t\t\t\t\t\t\t\t\t<div class=\"elementor-button-wrapper\">\n\t\t\t\t\t<a class=\"elementor-button elementor-button-link elementor-size-sm\" href=\"https:\/\/medic.bookio.com\/hippokrates1\/widget\" target=\"_blank\" rel=\"noopener\">\n\t\t\t\t\t\t<span class=\"elementor-button-content-wrapper\">\n\t\t\t\t\t\t\t\t\t<span class=\"elementor-button-text\">Book Online<\/span>\n\t\t\t\t\t<\/span>\n\t\t\t\t\t<\/a>\n\t\t\t\t<\/div>\n\t\t\t\t\t\t\t\t<\/div>\n\t\t\t\t<\/div>\n\t\t\t\t<\/div>\n\t\t\t\t<\/div>\n\t\t\t\t\t<\/div>\n\t\t\t\t<\/div>\n\t\t\t\t<\/div>\n\t\t","protected":false},"excerpt":{"rendered":"<p>HomePage (post) title M.D. Katar\u00edna Plach\u00e1 Neurologist&hellip;<\/p>\n","protected":false},"author":13,"featured_media":0,"parent":43580,"menu_order":0,"comment_status":"closed","ping_status":"closed","template":"","meta":{"footnotes":""},"class_list":["post-43539","page","type-page","status-publish","hentry"],"_links":{"self":[{"href":"https:\/\/hippokrates.sk\/en\/wp-json\/wp\/v2\/pages\/43539","targetHints":{"allow":["GET"]}}],"collection":[{"href":"https:\/\/hippokrates.sk\/en\/wp-json\/wp\/v2\/pages"}],"about":[{"href":"https:\/\/hippokrates.sk\/en\/wp-json\/wp\/v2\/types\/page"}],"author":[{"embeddable":true,"href":"https:\/\/hippokrates.sk\/en\/wp-json\/wp\/v2\/users\/13"}],"replies":[{"embeddable":true,"href":"https:\/\/hippokrates.sk\/en\/wp-json\/wp\/v2\/comments?post=43539"}],"version-history":[{"count":5,"href":"https:\/\/hippokrates.sk\/en\/wp-json\/wp\/v2\/pages\/43539\/revisions"}],"predecessor-version":[{"id":45520,"href":"https:\/\/hippokrates.sk\/en\/wp-json\/wp\/v2\/pages\/43539\/revisions\/45520"}],"up":[{"embeddable":true,"href":"https:\/\/hippokrates.sk\/en\/wp-json\/wp\/v2\/pages\/43580"}],"wp:attachment":[{"href":"https:\/\/hippokrates.sk\/en\/wp-json\/wp\/v2\/media?parent=43539"}],"curies":[{"name":"wp","href":"https:\/\/api.w.org\/{rel}","templated":true}]}}