{"id":43510,"date":"2025-12-01T11:40:15","date_gmt":"2025-12-01T10:40:15","guid":{"rendered":"https:\/\/hippokrates.sk\/?page_id=43510"},"modified":"2026-01-30T16:36:24","modified_gmt":"2026-01-30T15:36:24","slug":"mgr-sasha-tocik-berkyova-mba","status":"publish","type":"page","link":"https:\/\/hippokrates.sk\/en\/about-us-2\/our-team\/mgr-sasha-tocik-berkyova-mba\/","title":{"rendered":"Mgr. Sasha To\u010d\u00edk Berkyov\u00e1,MBA"},"content":{"rendered":"\t\t<div data-elementor-type=\"wp-page\" data-elementor-id=\"43510\" class=\"elementor elementor-43510 elementor-7957\" data-elementor-post-type=\"page\">\n\t\t\t\t<div class=\"elementor-element elementor-element-516e710 e-flex e-con-boxed sc_layouts_column_icons_position_left e-con e-parent\" data-id=\"516e710\" data-element_type=\"container\" data-e-type=\"container\">\n\t\t\t\t\t<div class=\"e-con-inner\">\n\t\t\t\t<div class=\"elementor-element elementor-element-ad3d1a4 sc_fly_static elementor-widget elementor-widget-trx_elm_post_breadcrumbs\" data-id=\"ad3d1a4\" data-element_type=\"widget\" data-e-type=\"widget\" data-widget_type=\"trx_elm_post_breadcrumbs.default\">\n\t\t\t\t<div class=\"elementor-widget-container\">\n\t\t\t\t\t<div class=\"trx-addons-post-breadcrumbs\"><div class=\"breadcrumbs\"><a class=\"breadcrumbs_item home\" href=\"https:\/\/hippokrates.sk\/en\/\">Home<\/a><span class=\"breadcrumbs_delimiter\"><\/span><span class=\"breadcrumbs_item current\">Mgr. Sasha To\u010d\u00edk Berkyov\u00e1,MBA<\/span><\/div><\/div>\t\t\t\t<\/div>\n\t\t\t\t<\/div>\n\t\t\t\t\t<\/div>\n\t\t\t\t<\/div>\n\t\t<div class=\"elementor-element elementor-element-dc57661 e-flex e-con-boxed sc_layouts_column_icons_position_left e-con e-parent\" data-id=\"dc57661\" data-element_type=\"container\" data-e-type=\"container\">\n\t\t\t\t\t<div class=\"e-con-inner\">\n\t\t<div class=\"elementor-element elementor-element-54d59e6 e-con-full e-flex sc_layouts_column_icons_position_left e-con e-child\" data-id=\"54d59e6\" data-element_type=\"container\" data-e-type=\"container\">\n\t\t\t\t<div class=\"elementor-element elementor-element-36393b5 sc_fly_static elementor-widget elementor-widget-image\" data-id=\"36393b5\" data-element_type=\"widget\" data-e-type=\"widget\" data-widget_type=\"image.default\">\n\t\t\t\t<div class=\"elementor-widget-container\">\n\t\t\t\t\t\t\t\t\t\t\t\t\t\t\t<img fetchpriority=\"high\" decoding=\"async\" width=\"1024\" height=\"1024\" src=\"https:\/\/hippokrates.sk\/wp-content\/uploads\/2026\/01\/Sasha_Tocik_Berkyova-1-1024x1024.jpg\" class=\"attachment-large size-large wp-image-44328\" alt=\"\" srcset=\"https:\/\/hippokrates.sk\/wp-content\/uploads\/2026\/01\/Sasha_Tocik_Berkyova-1-1024x1024.jpg 1024w, https:\/\/hippokrates.sk\/wp-content\/uploads\/2026\/01\/Sasha_Tocik_Berkyova-1-300x300.jpg 300w, https:\/\/hippokrates.sk\/wp-content\/uploads\/2026\/01\/Sasha_Tocik_Berkyova-1-150x150.jpg 150w, https:\/\/hippokrates.sk\/wp-content\/uploads\/2026\/01\/Sasha_Tocik_Berkyova-1-768x768.jpg 768w, https:\/\/hippokrates.sk\/wp-content\/uploads\/2026\/01\/Sasha_Tocik_Berkyova-1-1536x1536.jpg 1536w, https:\/\/hippokrates.sk\/wp-content\/uploads\/2026\/01\/Sasha_Tocik_Berkyova-1-370x370.jpg 370w, https:\/\/hippokrates.sk\/wp-content\/uploads\/2026\/01\/Sasha_Tocik_Berkyova-1-90x90.jpg 90w, https:\/\/hippokrates.sk\/wp-content\/uploads\/2026\/01\/Sasha_Tocik_Berkyova-1-924x924.jpg 924w, https:\/\/hippokrates.sk\/wp-content\/uploads\/2026\/01\/Sasha_Tocik_Berkyova-1-410x410.jpg 410w, https:\/\/hippokrates.sk\/wp-content\/uploads\/2026\/01\/Sasha_Tocik_Berkyova-1-600x600.jpg 600w, https:\/\/hippokrates.sk\/wp-content\/uploads\/2026\/01\/Sasha_Tocik_Berkyova-1-100x100.jpg 100w, https:\/\/hippokrates.sk\/wp-content\/uploads\/2026\/01\/Sasha_Tocik_Berkyova-1.jpg 1769w\" sizes=\"(max-width: 1024px) 100vw, 1024px\" \/>\t\t\t\t\t\t\t\t\t\t\t\t\t\t\t<\/div>\n\t\t\t\t<\/div>\n\t\t\t\t<\/div>\n\t\t<div class=\"elementor-element elementor-element-70c83f0 e-con-full e-flex sc_layouts_column_icons_position_left e-con e-child\" data-id=\"70c83f0\" data-element_type=\"container\" data-e-type=\"container\">\n\t\t\t\t<div class=\"elementor-element elementor-element-c6c943d sc_fly_static elementor-widget elementor-widget-heading\" data-id=\"c6c943d\" data-element_type=\"widget\" data-e-type=\"widget\" data-widget_type=\"heading.default\">\n\t\t\t\t<div class=\"elementor-widget-container\">\n\t\t\t\t\t<h2 class=\"elementor-heading-title elementor-size-default\">Mgr. Sasha To\u010d\u00edk Berkyov\u00e1, MBA\n\n<\/h2>\t\t\t\t<\/div>\n\t\t\t\t<\/div>\n\t\t\t\t<div class=\"elementor-element elementor-element-bb3795d sc_fly_static elementor-widget elementor-widget-heading\" data-id=\"bb3795d\" data-element_type=\"widget\" data-e-type=\"widget\" data-widget_type=\"heading.default\">\n\t\t\t\t<div class=\"elementor-widget-container\">\n\t\t\t\t\t<p class=\"elementor-heading-title elementor-size-default\">Art therapist, Marketing director<\/p>\t\t\t\t<\/div>\n\t\t\t\t<\/div>\n\t\t<div class=\"elementor-element elementor-element-26cd89d e-con-full e-flex sc_layouts_column_icons_position_left e-con e-child\" data-id=\"26cd89d\" data-element_type=\"container\" data-e-type=\"container\">\n\t\t\t\t<div class=\"elementor-element elementor-element-c52c4de sc_fly_static elementor-widget elementor-widget-heading\" data-id=\"c52c4de\" data-element_type=\"widget\" data-e-type=\"widget\" data-widget_type=\"heading.default\">\n\t\t\t\t<div class=\"elementor-widget-container\">\n\t\t\t\t\t<p class=\"elementor-heading-title elementor-size-default\">Graduate of the Master\u2019s degree in Social Pedagogy at the Faculty of Education, Trnava University.\nGraduate of Art Therapy at the institution Terra Therapeutica \u2013 Intervention through Art: Art Therapy in the Process of Socialization, Re-education, Education, and Treatment. She further expanded her professional expertise by completing a course in Art Therapy Life Coaching.\n\nShe is a member of the Association of Slovak Art Therapists as well as the Society of Slovak Art Therapists (civic association). She holds an MBA degree in Managerial Psychology, obtained at the European School of Business &amp; Management in Prague. She has been active in marketing and creative fields for more than 12 years.  <\/p>\t\t\t\t<\/div>\n\t\t\t\t<\/div>\n\t\t\t\t<div class=\"elementor-element elementor-element-fbb5a28 elementor-align-start elementor-icon-list--layout-traditional elementor-list-item-link-full_width sc_fly_static elementor-widget elementor-widget-icon-list\" data-id=\"fbb5a28\" data-element_type=\"widget\" data-e-type=\"widget\" data-widget_type=\"icon-list.default\">\n\t\t\t\t<div class=\"elementor-widget-container\">\n\t\t\t\t\t\t\t<ul class=\"elementor-icon-list-items\">\n\t\t\t\t\t\t\t<li class=\"elementor-icon-list-item\">\n\t\t\t\t\t\t\t\t\t\t\t<span class=\"elementor-icon-list-icon\">\n\t\t\t\t\t\t\t<svg aria-hidden=\"true\" class=\"e-font-icon-svg e-far-check-circle\" viewBox=\"0 0 512 512\" xmlns=\"http:\/\/www.w3.org\/2000\/svg\"><path d=\"M256 8C119.033 8 8 119.033 8 256s111.033 248 248 248 248-111.033 248-248S392.967 8 256 8zm0 48c110.532 0 200 89.451 200 200 0 110.532-89.451 200-200 200-110.532 0-200-89.451-200-200 0-110.532 89.451-200 200-200m140.204 130.267l-22.536-22.718c-4.667-4.705-12.265-4.736-16.97-.068L215.346 303.697l-59.792-60.277c-4.667-4.705-12.265-4.736-16.97-.069l-22.719 22.536c-4.705 4.667-4.736 12.265-.068 16.971l90.781 91.516c4.667 4.705 12.265 4.736 16.97.068l172.589-171.204c4.704-4.668 4.734-12.266.067-16.971z\"><\/path><\/svg>\t\t\t\t\t\t<\/span>\n\t\t\t\t\t\t\t\t\t\t<span class=\"elementor-icon-list-text\">Experience: More than 10 years of experience in art therapy. More than 12 years of experience as a marketing specialist<\/span>\n\t\t\t\t\t\t\t\t\t<\/li>\n\t\t\t\t\t\t\t\t<li class=\"elementor-icon-list-item\">\n\t\t\t\t\t\t\t\t\t\t\t<span class=\"elementor-icon-list-icon\">\n\t\t\t\t\t\t\t<svg aria-hidden=\"true\" class=\"e-font-icon-svg e-far-check-circle\" viewBox=\"0 0 512 512\" xmlns=\"http:\/\/www.w3.org\/2000\/svg\"><path d=\"M256 8C119.033 8 8 119.033 8 256s111.033 248 248 248 248-111.033 248-248S392.967 8 256 8zm0 48c110.532 0 200 89.451 200 200 0 110.532-89.451 200-200 200-110.532 0-200-89.451-200-200 0-110.532 89.451-200 200-200m140.204 130.267l-22.536-22.718c-4.667-4.705-12.265-4.736-16.97-.068L215.346 303.697l-59.792-60.277c-4.667-4.705-12.265-4.736-16.97-.069l-22.719 22.536c-4.705 4.667-4.736 12.265-.068 16.971l90.781 91.516c4.667 4.705 12.265 4.736 16.97.068l172.589-171.204c4.704-4.668 4.734-12.266.067-16.971z\"><\/path><\/svg>\t\t\t\t\t\t<\/span>\n\t\t\t\t\t\t\t\t\t\t<span class=\"elementor-icon-list-text\">Services: Art therapy via video call. Management of marketing activities<\/span>\n\t\t\t\t\t\t\t\t\t<\/li>\n\t\t\t\t\t\t\t\t<li class=\"elementor-icon-list-item\">\n\t\t\t\t\t\t\t\t\t\t\t<span class=\"elementor-icon-list-icon\">\n\t\t\t\t\t\t\t<svg aria-hidden=\"true\" class=\"e-font-icon-svg e-far-check-circle\" viewBox=\"0 0 512 512\" xmlns=\"http:\/\/www.w3.org\/2000\/svg\"><path d=\"M256 8C119.033 8 8 119.033 8 256s111.033 248 248 248 248-111.033 248-248S392.967 8 256 8zm0 48c110.532 0 200 89.451 200 200 0 110.532-89.451 200-200 200-110.532 0-200-89.451-200-200 0-110.532 89.451-200 200-200m140.204 130.267l-22.536-22.718c-4.667-4.705-12.265-4.736-16.97-.068L215.346 303.697l-59.792-60.277c-4.667-4.705-12.265-4.736-16.97-.069l-22.719 22.536c-4.705 4.667-4.736 12.265-.068 16.971l90.781 91.516c4.667 4.705 12.265 4.736 16.97.068l172.589-171.204c4.704-4.668 4.734-12.266.067-16.971z\"><\/path><\/svg>\t\t\t\t\t\t<\/span>\n\t\t\t\t\t\t\t\t\t\t<span class=\"elementor-icon-list-text\"> Languages: Slovak, English<\/span>\n\t\t\t\t\t\t\t\t\t<\/li>\n\t\t\t\t\t\t<\/ul>\n\t\t\t\t\t\t<\/div>\n\t\t\t\t<\/div>\n\t\t\t\t<div class=\"elementor-element elementor-element-049aab8 sc_fly_static elementor-widget elementor-widget-heading\" data-id=\"049aab8\" data-element_type=\"widget\" data-e-type=\"widget\" data-widget_type=\"heading.default\">\n\t\t\t\t<div class=\"elementor-widget-container\">\n\t\t\t\t\t<h2 class=\"elementor-heading-title elementor-size-default\">Consultation Days:<\/h2>\t\t\t\t<\/div>\n\t\t\t\t<\/div>\n\t\t<div class=\"elementor-element elementor-element-c440566 e-con-full e-flex sc_layouts_column_icons_position_left e-con e-child\" data-id=\"c440566\" data-element_type=\"container\" data-e-type=\"container\">\n\t\t\t\t<div class=\"elementor-element elementor-element-23d16f8 medicalBtn sc_fly_static elementor-widget elementor-widget-button\" data-id=\"23d16f8\" data-element_type=\"widget\" data-e-type=\"widget\" data-widget_type=\"button.default\">\n\t\t\t\t<div class=\"elementor-widget-container\">\n\t\t\t\t\t\t\t\t\t<div class=\"elementor-button-wrapper\">\n\t\t\t\t\t<a class=\"elementor-button elementor-button-link elementor-size-sm\" href=\"#\">\n\t\t\t\t\t\t<span class=\"elementor-button-content-wrapper\">\n\t\t\t\t\t\t\t\t\t<span class=\"elementor-button-text\">By agreement<\/span>\n\t\t\t\t\t<\/span>\n\t\t\t\t\t<\/a>\n\t\t\t\t<\/div>\n\t\t\t\t\t\t\t\t<\/div>\n\t\t\t\t<\/div>\n\t\t\t\t<\/div>\n\t\t\t\t<div class=\"elementor-element elementor-element-b563eea sc_fly_static elementor-widget elementor-widget-button\" data-id=\"b563eea\" data-element_type=\"widget\" data-e-type=\"widget\" data-widget_type=\"button.default\">\n\t\t\t\t<div class=\"elementor-widget-container\">\n\t\t\t\t\t\t\t\t\t<div class=\"elementor-button-wrapper\">\n\t\t\t\t\t<a class=\"elementor-button elementor-button-link elementor-size-sm\" href=\"mailto:berkyova@hippokrates.sk\">\n\t\t\t\t\t\t<span class=\"elementor-button-content-wrapper\">\n\t\t\t\t\t\t\t\t\t<span class=\"elementor-button-text\">Contact Sasha<\/span>\n\t\t\t\t\t<\/span>\n\t\t\t\t\t<\/a>\n\t\t\t\t<\/div>\n\t\t\t\t\t\t\t\t<\/div>\n\t\t\t\t<\/div>\n\t\t\t\t<\/div>\n\t\t\t\t<\/div>\n\t\t\t\t\t<\/div>\n\t\t\t\t<\/div>\n\t\t<div class=\"elementor-element elementor-element-f3bb8f2 e-flex e-con-boxed sc_layouts_column_icons_position_left e-con e-parent\" data-id=\"f3bb8f2\" data-element_type=\"container\" data-e-type=\"container\" data-settings=\"{&quot;background_background&quot;:&quot;classic&quot;}\">\n\t\t\t\t\t<div class=\"e-con-inner\">\n\t\t\t\t<div class=\"elementor-element elementor-element-a0aaf89 sc_fly_static elementor-widget elementor-widget-heading\" data-id=\"a0aaf89\" data-element_type=\"widget\" data-e-type=\"widget\" data-widget_type=\"heading.default\">\n\t\t\t\t<div class=\"elementor-widget-container\">\n\t\t\t\t\t<h2 class=\"elementor-heading-title elementor-size-default\">The staff of SZC Hippokrates, colleagues and <br> friends, of whom we are justly proud, love <br> their work. <\/h2>\t\t\t\t<\/div>\n\t\t\t\t<\/div>\n\t\t\t\t<div class=\"elementor-element elementor-element-d440249 sc_fly_static elementor-widget elementor-widget-heading\" data-id=\"d440249\" data-element_type=\"widget\" data-e-type=\"widget\" data-widget_type=\"heading.default\">\n\t\t\t\t<div class=\"elementor-widget-container\">\n\t\t\t\t\t<h5 class=\"elementor-heading-title elementor-size-default\">At our medical center, you will find a professionally competent and friendly team, ready to assist you with your concerns <br>\u2013 with dedication and discretion. Everyone is warmly welcome at our center. Do not hesitate to entrust yourselves to the hands of experts with <br> a human approach.  <\/h5>\t\t\t\t<\/div>\n\t\t\t\t<\/div>\n\t\t\t\t\t<\/div>\n\t\t\t\t<\/div>\n\t\t\t\t<\/div>\n\t\t","protected":false},"excerpt":{"rendered":"<p>HomePage (post) title Mgr. Sasha To\u010d\u00edk Berkyov\u00e1,&hellip;<\/p>\n","protected":false},"author":13,"featured_media":44336,"parent":43580,"menu_order":0,"comment_status":"closed","ping_status":"closed","template":"","meta":{"footnotes":""},"class_list":["post-43510","page","type-page","status-publish","has-post-thumbnail","hentry"],"_links":{"self":[{"href":"https:\/\/hippokrates.sk\/en\/wp-json\/wp\/v2\/pages\/43510","targetHints":{"allow":["GET"]}}],"collection":[{"href":"https:\/\/hippokrates.sk\/en\/wp-json\/wp\/v2\/pages"}],"about":[{"href":"https:\/\/hippokrates.sk\/en\/wp-json\/wp\/v2\/types\/page"}],"author":[{"embeddable":true,"href":"https:\/\/hippokrates.sk\/en\/wp-json\/wp\/v2\/users\/13"}],"replies":[{"embeddable":true,"href":"https:\/\/hippokrates.sk\/en\/wp-json\/wp\/v2\/comments?post=43510"}],"version-history":[{"count":7,"href":"https:\/\/hippokrates.sk\/en\/wp-json\/wp\/v2\/pages\/43510\/revisions"}],"predecessor-version":[{"id":45484,"href":"https:\/\/hippokrates.sk\/en\/wp-json\/wp\/v2\/pages\/43510\/revisions\/45484"}],"up":[{"embeddable":true,"href":"https:\/\/hippokrates.sk\/en\/wp-json\/wp\/v2\/pages\/43580"}],"wp:featuredmedia":[{"embeddable":true,"href":"https:\/\/hippokrates.sk\/en\/wp-json\/wp\/v2\/media\/44336"}],"wp:attachment":[{"href":"https:\/\/hippokrates.sk\/en\/wp-json\/wp\/v2\/media?parent=43510"}],"curies":[{"name":"wp","href":"https:\/\/api.w.org\/{rel}","templated":true}]}}