{"id":43501,"date":"2025-12-22T22:24:03","date_gmt":"2025-12-22T21:24:03","guid":{"rendered":"https:\/\/hippokrates.sk\/about-us-2\/"},"modified":"2026-01-09T13:29:34","modified_gmt":"2026-01-09T12:29:34","slug":"about-us-2","status":"publish","type":"page","link":"https:\/\/hippokrates.sk\/en\/about-us-2\/","title":{"rendered":"About Us"},"content":{"rendered":"\t\t<div data-elementor-type=\"wp-page\" data-elementor-id=\"43501\" class=\"elementor elementor-43501 elementor-41799\" data-elementor-post-type=\"page\">\n\t\t\t\t<div class=\"elementor-element elementor-element-8c6e8dc e-con-full e-flex sc_layouts_column_icons_position_left e-con e-parent\" data-id=\"8c6e8dc\" data-element_type=\"container\" data-e-type=\"container\">\n\t\t\t\t<div class=\"elementor-element elementor-element-e7ad39c sc_fly_static elementor-widget elementor-widget-image\" data-id=\"e7ad39c\" data-element_type=\"widget\" data-e-type=\"widget\" data-widget_type=\"image.default\">\n\t\t\t\t<div class=\"elementor-widget-container\">\n\t\t\t\t\t\t\t\t\t\t\t\t\t\t\t<img fetchpriority=\"high\" decoding=\"async\" width=\"1596\" height=\"586\" src=\"https:\/\/hippokrates.sk\/wp-content\/uploads\/2025\/11\/hippo.png\" class=\"attachment-full size-full wp-image-43710\" alt=\"\" srcset=\"https:\/\/hippokrates.sk\/wp-content\/uploads\/2025\/11\/hippo.png 1596w, https:\/\/hippokrates.sk\/wp-content\/uploads\/2025\/11\/hippo-600x220.png 600w, https:\/\/hippokrates.sk\/wp-content\/uploads\/2025\/11\/hippo-300x110.png 300w, https:\/\/hippokrates.sk\/wp-content\/uploads\/2025\/11\/hippo-1024x376.png 1024w, https:\/\/hippokrates.sk\/wp-content\/uploads\/2025\/11\/hippo-768x282.png 768w, https:\/\/hippokrates.sk\/wp-content\/uploads\/2025\/11\/hippo-1536x564.png 1536w, https:\/\/hippokrates.sk\/wp-content\/uploads\/2025\/11\/hippo-370x136.png 370w, https:\/\/hippokrates.sk\/wp-content\/uploads\/2025\/11\/hippo-924x339.png 924w, https:\/\/hippokrates.sk\/wp-content\/uploads\/2025\/11\/hippo-410x151.png 410w\" sizes=\"(max-width: 1596px) 100vw, 1596px\" \/>\t\t\t\t\t\t\t\t\t\t\t\t\t\t\t<\/div>\n\t\t\t\t<\/div>\n\t\t\t\t<\/div>\n\t\t<div class=\"elementor-element elementor-element-3546871 e-flex e-con-boxed sc_layouts_column_icons_position_left e-con e-parent\" data-id=\"3546871\" data-element_type=\"container\" data-e-type=\"container\" data-settings=\"{&quot;background_background&quot;:&quot;classic&quot;}\">\n\t\t\t\t\t<div class=\"e-con-inner\">\n\t\t\t\t<div class=\"elementor-element elementor-element-2da570b sc_fly_static elementor-widget elementor-widget-trx_elm_post_breadcrumbs\" data-id=\"2da570b\" data-element_type=\"widget\" data-e-type=\"widget\" data-widget_type=\"trx_elm_post_breadcrumbs.default\">\n\t\t\t\t<div class=\"elementor-widget-container\">\n\t\t\t\t\t<div class=\"trx-addons-post-breadcrumbs\"><div class=\"breadcrumbs\"><a class=\"breadcrumbs_item home\" href=\"https:\/\/hippokrates.sk\/en\/\">Home<\/a><span class=\"breadcrumbs_delimiter\"><\/span><span class=\"breadcrumbs_item current\">About Us<\/span><\/div><\/div>\t\t\t\t<\/div>\n\t\t\t\t<\/div>\n\t\t\t\t\t<\/div>\n\t\t\t\t<\/div>\n\t\t<div class=\"elementor-element elementor-element-5aae1d2c e-flex e-con-boxed sc_layouts_column_icons_position_left e-con e-parent\" data-id=\"5aae1d2c\" data-element_type=\"container\" data-e-type=\"container\" data-settings=\"{&quot;background_background&quot;:&quot;classic&quot;}\">\n\t\t\t\t\t<div class=\"e-con-inner\">\n\t\t<div class=\"elementor-element elementor-element-39d702a5 e-con-full e-flex sc_layouts_column_icons_position_left e-con e-child\" data-id=\"39d702a5\" data-element_type=\"container\" data-e-type=\"container\">\n\t\t\t\t<div data-animation-type=\"block\" class=\"elementor-element elementor-element-9a9f347 elementor-widget__width-initial animation_type_block sc_fly_static elementor-invisible elementor-widget elementor-widget-heading\" data-id=\"9a9f347\" data-element_type=\"widget\" data-e-type=\"widget\" data-settings=\"{&quot;_animation&quot;:&quot;ta_fadeinup&quot;,&quot;_animation_delay&quot;:100}\" data-widget_type=\"heading.default\">\n\t\t\t\t<div class=\"elementor-widget-container\">\n\t\t\t\t\t<h1 class=\"elementor-heading-title elementor-size-default\">The Story of Hippokrates Center\n<\/h1>\t\t\t\t<\/div>\n\t\t\t\t<\/div>\n\t\t\t\t<div data-animation-type=\"block\" class=\"elementor-element elementor-element-83cdd37 elementor-widget__width-initial animation_type_block sc_fly_static elementor-invisible elementor-widget elementor-widget-text-editor\" data-id=\"83cdd37\" data-element_type=\"widget\" data-e-type=\"widget\" data-settings=\"{&quot;_animation&quot;:&quot;ta_fadeinup&quot;,&quot;_animation_delay&quot;:100}\" data-widget_type=\"text-editor.default\">\n\t\t\t\t<div class=\"elementor-widget-container\">\n\t\t\t\t\t\t\t\t\t<p><span style=\"font-weight: 400;\">The story of the private medical center Hippokrates began in 1995 when its founder and medical director, MUDr. Karol To\u010d\u00edk, PhD., left his position as a clinical neurologist at Kram\u00e1re in Bratislava and established the very first private conventional medicine center in Slovakia. Initially, the clinic focused exclusively on neurological patients, but within its first two years of operation, it transformed into a polyclinic and expanded its services.  <\/span><\/p>\n<p><span style=\"font-weight: 400;\">The small private medical center Hippokrates was founded as a family business, driven by the desire to embody the high ideals of medicine, fully expressed in the Hippocratic Oath. Currently, this family medical center is located in Apollo Business Center II on Prievozsk\u00e1 Street in Bratislava. <\/span><\/p>\n<p><span style=\"font-weight: 400;\">Since 2015, the son Michal To\u010d\u00edk and his wife have held the managerial position of director, taking responsibility for the clinic&#8217;s management and future. Despite relocation and the continuous changes in Slovak healthcare, the family members, along with other employees, foster a spirit of cooperation and a family atmosphere. <\/span><\/p>\n<p><span style=\"font-weight: 400;\">Hippokrates Private Medical Center boasts qualified, certified specialists in neurology, physiotherapy, and rehabilitation, a general practitioner for adults, an internist, and an art therapist. With its &#8220;daily care&#8221; options (comprehensive treatment capable of replacing hospitalization), it also offers regenerative and relaxation procedures.  We provide exceptionally developed care for patients suffering from migraines, back pain, Parkinson&#8217;s disease, multiple sclerosis, or post-COVID syndrome, particularly concerning their rehabilitation. At the Hippokrates Private Medical Center, we also offer high-dose vitamin C infusion therapy and therapeutic massages. These are supplementary health services that complement the nature of comprehensive daily modern care and treatment.   To date, the center has served tens of thousands of satisfied clients who particularly appreciate the doctors&#8217; and medical staff&#8217;s dedication to their treatment, available appointments with doctors or for diagnostic examinations, daily treatment management, and the provision of these services under one roof.<\/span><\/p>\t\t\t\t\t\t\t\t<\/div>\n\t\t\t\t<\/div>\n\t\t\t\t<\/div>\n\t\t<div class=\"elementor-element elementor-element-209daeaf e-con-full e-flex sc_layouts_column_icons_position_left e-con e-child\" data-id=\"209daeaf\" data-element_type=\"container\" data-e-type=\"container\" data-settings=\"{&quot;background_background&quot;:&quot;classic&quot;}\">\n\t\t\t\t<div class=\"elementor-element elementor-element-c293fb3 sc_fly_static elementor-widget elementor-widget-spacer\" data-id=\"c293fb3\" data-element_type=\"widget\" data-e-type=\"widget\" data-widget_type=\"spacer.default\">\n\t\t\t\t<div class=\"elementor-widget-container\">\n\t\t\t\t\t\t\t<div class=\"elementor-spacer\">\n\t\t\t<div class=\"elementor-spacer-inner\"><\/div>\n\t\t<\/div>\n\t\t\t\t\t\t<\/div>\n\t\t\t\t<\/div>\n\t\t\t\t<\/div>\n\t\t\t\t\t<\/div>\n\t\t\t\t<\/div>\n\t\t<div class=\"elementor-element elementor-element-50e6437 e-flex e-con-boxed sc_layouts_column_icons_position_left e-con e-parent\" data-id=\"50e6437\" data-element_type=\"container\" data-e-type=\"container\" data-settings=\"{&quot;background_background&quot;:&quot;classic&quot;}\">\n\t\t\t\t\t<div class=\"e-con-inner\">\n\t\t<div class=\"elementor-element elementor-element-8d3ab90 e-con-full e-flex sc_layouts_column_icons_position_left e-con e-child\" data-id=\"8d3ab90\" data-element_type=\"container\" data-e-type=\"container\">\n\t\t\t\t<div data-animation-type=\"block\" class=\"elementor-element elementor-element-020189e elementor-widget__width-initial animation_type_block sc_fly_static elementor-invisible elementor-widget elementor-widget-heading\" data-id=\"020189e\" data-element_type=\"widget\" data-e-type=\"widget\" data-settings=\"{&quot;_animation&quot;:&quot;ta_fadeinup&quot;,&quot;_animation_delay&quot;:100}\" data-widget_type=\"heading.default\">\n\t\t\t\t<div class=\"elementor-widget-container\">\n\t\t\t\t\t<h1 class=\"elementor-heading-title elementor-size-default\">Our Approach at Hippokrates Clinic<\/h1>\t\t\t\t<\/div>\n\t\t\t\t<\/div>\n\t\t\t\t<div data-animation-type=\"block\" class=\"elementor-element elementor-element-be90411 elementor-widget__width-initial animation_type_block sc_fly_static elementor-invisible elementor-widget elementor-widget-text-editor\" data-id=\"be90411\" data-element_type=\"widget\" data-e-type=\"widget\" data-settings=\"{&quot;_animation&quot;:&quot;ta_fadeinup&quot;,&quot;_animation_delay&quot;:100}\" data-widget_type=\"text-editor.default\">\n\t\t\t\t<div class=\"elementor-widget-container\">\n\t\t\t\t\t\t\t\t\t<p>At Hippokrates Clinic, our primary focus is treatment; the initial comprehensive examination is often just the beginning of the integrated daily-care treatment we offer. Everything begins with a thorough initial examination and diagnosis. Thanks to experienced specialists and high-quality medical services, we are able to resolve your problem comprehensively, precisely, and under one roof.  <\/p><p>We understand that most of our clients require prompt appointments for examinations, expert resolution of their health issues, and, most importantly, to regain their full strength and health as soon as possible. We value every client, as it is solely thanks to their trust and support that our center has been operating for three decades. <\/p><p>You are in good hands.<\/p>\t\t\t\t\t\t\t\t<\/div>\n\t\t\t\t<\/div>\n\t\t\t\t<div class=\"elementor-element elementor-element-827bf8a signimg sc_fly_static elementor-widget elementor-widget-image\" data-id=\"827bf8a\" data-element_type=\"widget\" data-e-type=\"widget\" data-widget_type=\"image.default\">\n\t\t\t\t<div class=\"elementor-widget-container\">\n\t\t\t\t\t\t\t\t\t\t\t\t\t\t\t<img decoding=\"async\" width=\"1000\" height=\"1000\" src=\"https:\/\/hippokrates.sk\/wp-content\/uploads\/2025\/11\/aa9fc066c62f750037fb6f1c33c809d969776042.png\" class=\"attachment-large size-large wp-image-43484\" alt=\"\" srcset=\"https:\/\/hippokrates.sk\/wp-content\/uploads\/2025\/11\/aa9fc066c62f750037fb6f1c33c809d969776042.png 1000w, https:\/\/hippokrates.sk\/wp-content\/uploads\/2025\/11\/aa9fc066c62f750037fb6f1c33c809d969776042-300x300.png 300w, https:\/\/hippokrates.sk\/wp-content\/uploads\/2025\/11\/aa9fc066c62f750037fb6f1c33c809d969776042-100x100.png 100w, https:\/\/hippokrates.sk\/wp-content\/uploads\/2025\/11\/aa9fc066c62f750037fb6f1c33c809d969776042-600x600.png 600w, https:\/\/hippokrates.sk\/wp-content\/uploads\/2025\/11\/aa9fc066c62f750037fb6f1c33c809d969776042-150x150.png 150w, https:\/\/hippokrates.sk\/wp-content\/uploads\/2025\/11\/aa9fc066c62f750037fb6f1c33c809d969776042-768x768.png 768w, https:\/\/hippokrates.sk\/wp-content\/uploads\/2025\/11\/aa9fc066c62f750037fb6f1c33c809d969776042-370x370.png 370w, https:\/\/hippokrates.sk\/wp-content\/uploads\/2025\/11\/aa9fc066c62f750037fb6f1c33c809d969776042-90x90.png 90w, https:\/\/hippokrates.sk\/wp-content\/uploads\/2025\/11\/aa9fc066c62f750037fb6f1c33c809d969776042-924x924.png 924w, https:\/\/hippokrates.sk\/wp-content\/uploads\/2025\/11\/aa9fc066c62f750037fb6f1c33c809d969776042-410x410.png 410w\" sizes=\"(max-width: 1000px) 100vw, 1000px\" \/>\t\t\t\t\t\t\t\t\t\t\t\t\t\t\t<\/div>\n\t\t\t\t<\/div>\n\t\t\t\t<div class=\"elementor-element elementor-element-37c609d elementor-mobile-align-center sc_fly_static elementor-widget elementor-widget-button\" data-id=\"37c609d\" data-element_type=\"widget\" data-e-type=\"widget\" data-widget_type=\"button.default\">\n\t\t\t\t<div class=\"elementor-widget-container\">\n\t\t\t\t\t\t\t\t\t<div class=\"elementor-button-wrapper\">\n\t\t\t\t\t<a class=\"elementor-button elementor-button-link elementor-size-sm\" href=\"https:\/\/hippokrates.sk\/objednat-sa-online\/\">\n\t\t\t\t\t\t<span class=\"elementor-button-content-wrapper\">\n\t\t\t\t\t\t\t\t\t<span class=\"elementor-button-text\">Book Online<\/span>\n\t\t\t\t\t<\/span>\n\t\t\t\t\t<\/a>\n\t\t\t\t<\/div>\n\t\t\t\t\t\t\t\t<\/div>\n\t\t\t\t<\/div>\n\t\t<div class=\"e-con-gap-no elementor-element elementor-element-c7a0789 e-grid e-con-full sc_layouts_column_icons_position_left animation_type_block elementor-invisible e-con e-child\" data-animation-type=\"block\" data-id=\"c7a0789\" data-element_type=\"container\" data-e-type=\"container\" data-settings=\"{&quot;animation&quot;:&quot;ta_fadeinup&quot;,&quot;animation_delay&quot;:200}\">\n\t\t\t\t<\/div>\n\t\t\t\t<\/div>\n\t\t<div class=\"e-con-gap-no elementor-element elementor-element-6491b63 e-con-full e-flex sc_layouts_column_icons_position_left e-con e-child\" data-id=\"6491b63\" data-element_type=\"container\" data-e-type=\"container\" data-settings=\"{&quot;background_background&quot;:&quot;classic&quot;}\">\n\t\t\t\t<\/div>\n\t\t\t\t\t<\/div>\n\t\t\t\t<\/div>\n\t\t\t\t<\/div>\n\t\t","protected":false},"excerpt":{"rendered":"<p>Home The Story of Hippokrates Center The&hellip;<\/p>\n","protected":false},"author":13,"featured_media":43499,"parent":0,"menu_order":0,"comment_status":"closed","ping_status":"closed","template":"","meta":{"footnotes":""},"class_list":["post-43501","page","type-page","status-publish","has-post-thumbnail","hentry"],"_links":{"self":[{"href":"https:\/\/hippokrates.sk\/en\/wp-json\/wp\/v2\/pages\/43501","targetHints":{"allow":["GET"]}}],"collection":[{"href":"https:\/\/hippokrates.sk\/en\/wp-json\/wp\/v2\/pages"}],"about":[{"href":"https:\/\/hippokrates.sk\/en\/wp-json\/wp\/v2\/types\/page"}],"author":[{"embeddable":true,"href":"https:\/\/hippokrates.sk\/en\/wp-json\/wp\/v2\/users\/13"}],"replies":[{"embeddable":true,"href":"https:\/\/hippokrates.sk\/en\/wp-json\/wp\/v2\/comments?post=43501"}],"version-history":[{"count":2,"href":"https:\/\/hippokrates.sk\/en\/wp-json\/wp\/v2\/pages\/43501\/revisions"}],"predecessor-version":[{"id":45382,"href":"https:\/\/hippokrates.sk\/en\/wp-json\/wp\/v2\/pages\/43501\/revisions\/45382"}],"wp:featuredmedia":[{"embeddable":true,"href":"https:\/\/hippokrates.sk\/en\/wp-json\/wp\/v2\/media\/43499"}],"wp:attachment":[{"href":"https:\/\/hippokrates.sk\/en\/wp-json\/wp\/v2\/media?parent=43501"}],"curies":[{"name":"wp","href":"https:\/\/api.w.org\/{rel}","templated":true}]}}